{"id":2147,"date":"2025-03-10T22:56:00","date_gmt":"2025-03-11T03:56:00","guid":{"rendered":"https:\/\/colturperu.fixer.pe\/experiences\/"},"modified":"2025-05-04T03:07:30","modified_gmt":"2025-05-04T08:07:30","slug":"experiences","status":"publish","type":"page","link":"https:\/\/colturperu.fixer.pe\/en\/experiences\/","title":{"rendered":"Experiences"},"content":{"rendered":"<p>[et_pb_section fb_built=&#8221;1&#8243; admin_label=&#8221;Secci\u00f3n ( Header )&#8221; _builder_version=&#8221;4.27.4&#8243; _module_preset=&#8221;default&#8221; da_disable_devices=&#8221;off|off|off&#8221; global_colors_info=&#8221;{}&#8221; da_is_popup=&#8221;off&#8221; da_exit_intent=&#8221;off&#8221; da_has_close=&#8221;on&#8221; da_alt_close=&#8221;off&#8221; da_dark_close=&#8221;off&#8221; da_not_modal=&#8221;on&#8221; da_is_singular=&#8221;off&#8221; da_with_loader=&#8221;off&#8221; da_has_shadow=&#8221;on&#8221;][et_pb_row column_structure=&#8221;1_4,3_4&#8243; _builder_version=&#8221;4.27.4&#8243; _module_preset=&#8221;0435e168-7c2a-4bad-bb1c-2aee0d0ce3ab&#8221; locked=&#8221;off&#8221; global_colors_info=&#8221;{}&#8221;][et_pb_column type=&#8221;1_4&#8243; _builder_version=&#8221;4.27.4&#8243; _module_preset=&#8221;default&#8221; global_colors_info=&#8221;{}&#8221;][et_pb_text _builder_version=&#8221;4.27.4&#8243; _module_preset=&#8221;e5f5bfc6-f7de-400c-bd57-dcea2c67a10f&#8221; global_colors_info=&#8221;{}&#8221;]<\/p>\n<p>Experiences<\/p>\n<p>[\/et_pb_text][\/et_pb_column][et_pb_column type=&#8221;3_4&#8243; _builder_version=&#8221;4.27.4&#8243; _module_preset=&#8221;default&#8221; global_colors_info=&#8221;{}&#8221;][et_pb_text _builder_version=&#8221;4.27.4&#8243; _module_preset=&#8221;118c526e-6d9c-45b1-a139-4a0085e1c1c5&#8243; text_orientation=&#8221;right&#8221; locked=&#8221;off&#8221; global_colors_info=&#8221;{}&#8221;]<\/p>\n<p>Whatever you need, it is possible to do it in Peru, with COLTUR.<\/p>\n<p>[\/et_pb_text][\/et_pb_column][\/et_pb_row][\/et_pb_section][et_pb_section fb_built=&#8221;1&#8243; admin_label=&#8221;Secci\u00f3n ( Experiences )&#8221; _builder_version=&#8221;4.27.4&#8243; _module_preset=&#8221;default&#8221; da_disable_devices=&#8221;off|off|off&#8221; global_colors_info=&#8221;{}&#8221; da_is_popup=&#8221;off&#8221; da_exit_intent=&#8221;off&#8221; da_has_close=&#8221;on&#8221; da_alt_close=&#8221;off&#8221; da_dark_close=&#8221;off&#8221; da_not_modal=&#8221;on&#8221; da_is_singular=&#8221;off&#8221; da_with_loader=&#8221;off&#8221; da_has_shadow=&#8221;on&#8221;][et_pb_row custom_padding_last_edited=&#8221;on|phone&#8221; module_class=&#8221;cContainerExperiences&#8221; _builder_version=&#8221;4.27.4&#8243; _module_preset=&#8221;default&#8221; custom_padding=&#8221;3em|0vw|5em|0vw|false|false&#8221; custom_padding_tablet=&#8221;5vw||10vw||false|false&#8221; custom_padding_phone=&#8221;5vw|0vw|10vw|0vw|false|false&#8221; locked=&#8221;off&#8221; global_colors_info=&#8221;{}&#8221;][et_pb_column type=&#8221;4_4&#8243; module_class=&#8221;cListExperiences jsCounterExperiences&#8221; _builder_version=&#8221;4.27.4&#8243; _module_preset=&#8221;default&#8221; sticky_limit_top=&#8221;row&#8221; sticky_limit_bottom=&#8221;row&#8221; motion_trigger_start=&#8221;bottom&#8221; custom_css_main_element=&#8221;\t\/*\/\/\/\/\/\/\/\/\/\/\/\/\/\/\/\/\/\/\/\/\/\/\/\/\/\/\/\/\/*\/||  ||  &#8211;col: 3;||  &#8211;gap: 2.8vw;||  ||  \/*%92 ||  Aplicable en &#8216;Render Final&#8217; y &#8216;Visual Builder&#8217;.||  %92*\/||  ||\t\/*\/\/\/\/\/\/\/\/\/\/\/\/\/\/\/\/\/\/\/\/\/\/\/\/\/\/\/\/\/*\/||  ||\t&#8211;totalExperiences: &#8216;X&#8217;;||  ||  \/*%92||  Si tienes clase CSS %22.jsCounterExperiences%22, ||  esta variable se actualizar\u00e1 autom\u00e1ticamente ||  en &#8216;Render Final&#8217;. ||  %92*\/||  ||\t\/*\/\/\/\/\/\/\/\/\/\/\/\/\/\/\/\/\/\/\/\/\/\/\/\/\/\/\/\/\/*\/||  ||  &#8211;stickyTop: 5vh; ||  \/*%92 ||  Aplicable solo en &#8216;Render Final&#8217;.||  %92*\/||  ||\t\/*\/\/\/\/\/\/\/\/\/\/\/\/\/\/\/\/\/\/\/\/\/\/\/\/\/\/\/\/\/*\/&#8221; global_colors_info=&#8221;{}&#8221; custom_css_main_element_last_edited=&#8221;on|phone&#8221; custom_css_main_element_tablet=&#8221;\t\/*\/\/\/\/\/\/\/\/\/\/\/\/\/\/\/\/\/\/\/\/\/\/\/\/\/\/\/\/\/*\/||  ||  &#8211;col: 1;||  &#8211;gap: 2.8vw;||  ||  \/*%92 ||  Aplicable en &#8216;Render Final&#8217; y &#8216;Visual Builder&#8217;.||  %92*\/||  ||\t\/*\/\/\/\/\/\/\/\/\/\/\/\/\/\/\/\/\/\/\/\/\/\/\/\/\/\/\/\/\/*\/||  ||\t&#8211;totalExperiences: &#8216;X&#8217;;||  ||  \/*%92||  Si tienes clase CSS %22.jsCounterExperiences%22, ||  esta variable se actualizar\u00e1 autom\u00e1ticamente ||  en &#8216;Render Final&#8217;. ||  %92*\/||  ||\t\/*\/\/\/\/\/\/\/\/\/\/\/\/\/\/\/\/\/\/\/\/\/\/\/\/\/\/\/\/\/*\/||  ||  &#8211;stickyTop: 5vh; ||  \/*%92 ||  Aplicable solo en &#8216;Render Final&#8217;.||  %92*\/||  ||\t\/*\/\/\/\/\/\/\/\/\/\/\/\/\/\/\/\/\/\/\/\/\/\/\/\/\/\/\/\/\/*\/&#8221; custom_css_main_element_phone=&#8221;\t\/*\/\/\/\/\/\/\/\/\/\/\/\/\/\/\/\/\/\/\/\/\/\/\/\/\/\/\/\/\/*\/||  ||  &#8211;col: 1;||  &#8211;gap: 2.8vw;||  ||  \/*%92 ||  Aplicable en &#8216;Render Final&#8217; y &#8216;Visual Builder&#8217;.||  %92*\/||  ||\t\/*\/\/\/\/\/\/\/\/\/\/\/\/\/\/\/\/\/\/\/\/\/\/\/\/\/\/\/\/\/*\/||  ||\t&#8211;totalExperiences: &#8216;X&#8217;;||  ||  \/*%92||  Si tienes clase CSS %22.jsCounterExperiences%22, ||  esta variable se actualizar\u00e1 autom\u00e1ticamente ||  en &#8216;Render Final&#8217;. ||  %92*\/||  ||\t\/*\/\/\/\/\/\/\/\/\/\/\/\/\/\/\/\/\/\/\/\/\/\/\/\/\/\/\/\/\/*\/||  ||  &#8211;stickyTop: 5vh; ||  \/*%92 ||  Aplicable solo en &#8216;Render Final&#8217;.||  %92*\/||  ||\t\/*\/\/\/\/\/\/\/\/\/\/\/\/\/\/\/\/\/\/\/\/\/\/\/\/\/\/\/\/\/*\/&#8221;][et_pb_blurb title=&#8221;Art and Culture&#8221; url=&#8221;@ET-DC@eyJkeW5hbWljIjp0cnVlLCJjb250ZW50IjoicG9zdF9saW5rX3VybF9leHBlcmllbmNpYSIsInNldHRpbmdzIjp7InBvc3RfaWQiOiIxMjA1In19@&#8221; image=&#8221;https:\/\/colturperu.fixer.pe\/wp-content\/uploads\/2025\/03\/expriencia-artecultura.webp&#8221; admin_label=&#8221;Anuncio ( Experience )&#8221; _builder_version=&#8221;4.27.4&#8243; _dynamic_attributes=&#8221;url&#8221; _module_preset=&#8221;37623e7d-92f3-4873-af82-2f39dd048836&#8243; hover_enabled=&#8221;0&#8243; global_colors_info=&#8221;{}&#8221; sticky_enabled=&#8221;0&#8243;][\/et_pb_blurb][et_pb_blurb title=&#8221;Living culture&#8221; url=&#8221;@ET-DC@eyJkeW5hbWljIjp0cnVlLCJjb250ZW50IjoicG9zdF9saW5rX3VybF9leHBlcmllbmNpYSIsInNldHRpbmdzIjp7InBvc3RfaWQiOiIxMjM5In19@&#8221; image=&#8221;https:\/\/colturperu.fixer.pe\/wp-content\/uploads\/2025\/03\/expriencia-culturaviva.webp&#8221; admin_label=&#8221;Anuncio ( Experience )&#8221; _builder_version=&#8221;4.27.4&#8243; _dynamic_attributes=&#8221;url&#8221; _module_preset=&#8221;37623e7d-92f3-4873-af82-2f39dd048836&#8243; link_option_url=&#8221;#&#8221; global_colors_info=&#8221;{}&#8221;][\/et_pb_blurb][et_pb_blurb title=&#8221;Adventure&#8221; url=&#8221;@ET-DC@eyJkeW5hbWljIjp0cnVlLCJjb250ZW50IjoicG9zdF9saW5rX3VybF9leHBlcmllbmNpYSIsInNldHRpbmdzIjp7InBvc3RfaWQiOiIxMjQwIn19@&#8221; image=&#8221;https:\/\/colturperu.fixer.pe\/wp-content\/uploads\/2025\/03\/expriencia-aventura.webp&#8221; admin_label=&#8221;Anuncio ( Experience )&#8221; _builder_version=&#8221;4.27.4&#8243; _dynamic_attributes=&#8221;url&#8221; _module_preset=&#8221;37623e7d-92f3-4873-af82-2f39dd048836&#8243; link_option_url=&#8221;#&#8221; global_colors_info=&#8221;{}&#8221;][\/et_pb_blurb][et_pb_blurb title=&#8221;Nature&#8221; url=&#8221;@ET-DC@eyJkeW5hbWljIjp0cnVlLCJjb250ZW50IjoicG9zdF9saW5rX3VybF9leHBlcmllbmNpYSIsInNldHRpbmdzIjp7InBvc3RfaWQiOiIxMjQxIn19@&#8221; image=&#8221;https:\/\/colturperu.fixer.pe\/wp-content\/uploads\/2025\/03\/expriencia-naturaleza.webp&#8221; admin_label=&#8221;Anuncio ( Experience )&#8221; _builder_version=&#8221;4.27.4&#8243; _dynamic_attributes=&#8221;url&#8221; _module_preset=&#8221;37623e7d-92f3-4873-af82-2f39dd048836&#8243; link_option_url=&#8221;#&#8221; global_colors_info=&#8221;{}&#8221;][\/et_pb_blurb][et_pb_blurb title=&#8221;Gastronomy&#8221; url=&#8221;@ET-DC@eyJkeW5hbWljIjp0cnVlLCJjb250ZW50IjoicG9zdF9saW5rX3VybF9leHBlcmllbmNpYSIsInNldHRpbmdzIjp7InBvc3RfaWQiOiIxMjQzIn19@&#8221; image=&#8221;https:\/\/colturperu.fixer.pe\/wp-content\/uploads\/2025\/03\/expriencia-gastronomia.webp&#8221; admin_label=&#8221;Anuncio ( Experience )&#8221; _builder_version=&#8221;4.27.4&#8243; _dynamic_attributes=&#8221;url&#8221; _module_preset=&#8221;37623e7d-92f3-4873-af82-2f39dd048836&#8243; link_option_url=&#8221;#&#8221; global_colors_info=&#8221;{}&#8221;][\/et_pb_blurb][et_pb_blurb title=&#8221;Welfare&#8221; url=&#8221;@ET-DC@eyJkeW5hbWljIjp0cnVlLCJjb250ZW50IjoicG9zdF9saW5rX3VybF9leHBlcmllbmNpYSIsInNldHRpbmdzIjp7InBvc3RfaWQiOiIxMjQ1In19@&#8221; image=&#8221;https:\/\/colturperu.fixer.pe\/wp-content\/uploads\/2025\/03\/expriencia-bienestar.webp&#8221; admin_label=&#8221;Anuncio ( Experience )&#8221; _builder_version=&#8221;4.27.4&#8243; _dynamic_attributes=&#8221;url&#8221; _module_preset=&#8221;37623e7d-92f3-4873-af82-2f39dd048836&#8243; link_option_url=&#8221;#&#8221; global_colors_info=&#8221;{}&#8221;][\/et_pb_blurb][\/et_pb_column][\/et_pb_row][\/et_pb_section]<\/p>\n","protected":false},"excerpt":{"rendered":"<p>Experiences Whatever you need, it is possible to do it in Peru, with COLTUR.<\/p>\n","protected":false},"author":1,"featured_media":0,"parent":0,"menu_order":3,"comment_status":"closed","ping_status":"closed","template":"","meta":{"_et_pb_use_builder":"on","_et_pb_old_content":"","_et_gb_content_width":"","footnotes":""},"class_list":["post-2147","page","type-page","status-publish","hentry"],"yoast_head":"<!-- This site is optimized with the Yoast SEO plugin v25.0 - https:\/\/yoast.com\/wordpress\/plugins\/seo\/ -->\n<title>COLTUR | Experiences | Whatever you need, it is possible to do it in Peru, with COLTUR.<\/title>\n<meta name=\"description\" content=\"Whatever you need, it is possible to do it in Peru, with COLTUR. Art. Culture. Cultura Viva. Adventure. Nature. Gastronomy. Wellness. Sustainability.\" \/>\n<meta name=\"robots\" content=\"noindex, follow, max-snippet:-1, max-image-preview:large, max-video-preview:-1\" \/>\n<meta property=\"og:locale\" content=\"en_US\" \/>\n<meta property=\"og:type\" content=\"article\" \/>\n<meta property=\"og:title\" content=\"COLTUR | Experiences | Whatever you need, it is possible to do it in Peru, with COLTUR.\" \/>\n<meta property=\"og:description\" content=\"Whatever you need, it is possible to do it in Peru, with COLTUR. Art. Culture. Cultura Viva. Adventure. Nature. Gastronomy. Wellness. Sustainability.\" \/>\n<meta property=\"og:url\" content=\"https:\/\/colturperu.fixer.pe\/en\/experiences\/\" \/>\n<meta property=\"og:site_name\" content=\"COLTUR\" \/>\n<meta property=\"article:modified_time\" content=\"2025-05-04T08:07:30+00:00\" \/>\n<meta name=\"twitter:card\" content=\"summary_large_image\" \/>\n<meta name=\"twitter:label1\" content=\"Est. reading time\" \/>\n\t<meta name=\"twitter:data1\" content=\"4 minutes\" \/>\n<script type=\"application\/ld+json\" class=\"yoast-schema-graph\">{\"@context\":\"https:\/\/schema.org\",\"@graph\":[{\"@type\":\"WebPage\",\"@id\":\"https:\/\/colturperu.fixer.pe\/en\/experiences\/\",\"url\":\"https:\/\/colturperu.fixer.pe\/en\/experiences\/\",\"name\":\"COLTUR | Experiences | Whatever you need, it is possible to do it in Peru, with COLTUR.\",\"isPartOf\":{\"@id\":\"https:\/\/colturperu.fixer.pe\/en\/#website\"},\"datePublished\":\"2025-03-11T03:56:00+00:00\",\"dateModified\":\"2025-05-04T08:07:30+00:00\",\"description\":\"Whatever you need, it is possible to do it in Peru, with COLTUR. Art. Culture. Cultura Viva. Adventure. Nature. Gastronomy. Wellness. Sustainability.\",\"breadcrumb\":{\"@id\":\"https:\/\/colturperu.fixer.pe\/en\/experiences\/#breadcrumb\"},\"inLanguage\":\"en-US\",\"potentialAction\":[{\"@type\":\"ReadAction\",\"target\":[\"https:\/\/colturperu.fixer.pe\/en\/experiences\/\"]}]},{\"@type\":\"BreadcrumbList\",\"@id\":\"https:\/\/colturperu.fixer.pe\/en\/experiences\/#breadcrumb\",\"itemListElement\":[{\"@type\":\"ListItem\",\"position\":1,\"name\":\"Portada\",\"item\":\"https:\/\/colturperu.fixer.pe\/en\/\"},{\"@type\":\"ListItem\",\"position\":2,\"name\":\"Experiences\"}]},{\"@type\":\"WebSite\",\"@id\":\"https:\/\/colturperu.fixer.pe\/en\/#website\",\"url\":\"https:\/\/colturperu.fixer.pe\/en\/\",\"name\":\"COLTUR\",\"description\":\"Somos un DMC con sede en Per\u00fa. Y, desde 1957, nuestrosclientes nos conf\u00edan el dise\u00f1o de experiencias de viaje extraordinarias yoperaci\u00f3n impecable.\",\"potentialAction\":[{\"@type\":\"SearchAction\",\"target\":{\"@type\":\"EntryPoint\",\"urlTemplate\":\"https:\/\/colturperu.fixer.pe\/en\/?s={search_term_string}\"},\"query-input\":{\"@type\":\"PropertyValueSpecification\",\"valueRequired\":true,\"valueName\":\"search_term_string\"}}],\"inLanguage\":\"en-US\"}]}<\/script>\n<!-- \/ Yoast SEO plugin. -->","yoast_head_json":{"title":"COLTUR | Experiences | Whatever you need, it is possible to do it in Peru, with COLTUR.","description":"Whatever you need, it is possible to do it in Peru, with COLTUR. Art. Culture. Cultura Viva. Adventure. Nature. Gastronomy. Wellness. Sustainability.","robots":{"index":"noindex","follow":"follow","max-snippet":"max-snippet:-1","max-image-preview":"max-image-preview:large","max-video-preview":"max-video-preview:-1"},"og_locale":"en_US","og_type":"article","og_title":"COLTUR | Experiences | Whatever you need, it is possible to do it in Peru, with COLTUR.","og_description":"Whatever you need, it is possible to do it in Peru, with COLTUR. Art. Culture. Cultura Viva. Adventure. Nature. Gastronomy. Wellness. Sustainability.","og_url":"https:\/\/colturperu.fixer.pe\/en\/experiences\/","og_site_name":"COLTUR","article_modified_time":"2025-05-04T08:07:30+00:00","twitter_card":"summary_large_image","twitter_misc":{"Est. reading time":"4 minutes"},"schema":{"@context":"https:\/\/schema.org","@graph":[{"@type":"WebPage","@id":"https:\/\/colturperu.fixer.pe\/en\/experiences\/","url":"https:\/\/colturperu.fixer.pe\/en\/experiences\/","name":"COLTUR | Experiences | Whatever you need, it is possible to do it in Peru, with COLTUR.","isPartOf":{"@id":"https:\/\/colturperu.fixer.pe\/en\/#website"},"datePublished":"2025-03-11T03:56:00+00:00","dateModified":"2025-05-04T08:07:30+00:00","description":"Whatever you need, it is possible to do it in Peru, with COLTUR. Art. Culture. Cultura Viva. Adventure. Nature. Gastronomy. Wellness. Sustainability.","breadcrumb":{"@id":"https:\/\/colturperu.fixer.pe\/en\/experiences\/#breadcrumb"},"inLanguage":"en-US","potentialAction":[{"@type":"ReadAction","target":["https:\/\/colturperu.fixer.pe\/en\/experiences\/"]}]},{"@type":"BreadcrumbList","@id":"https:\/\/colturperu.fixer.pe\/en\/experiences\/#breadcrumb","itemListElement":[{"@type":"ListItem","position":1,"name":"Portada","item":"https:\/\/colturperu.fixer.pe\/en\/"},{"@type":"ListItem","position":2,"name":"Experiences"}]},{"@type":"WebSite","@id":"https:\/\/colturperu.fixer.pe\/en\/#website","url":"https:\/\/colturperu.fixer.pe\/en\/","name":"COLTUR","description":"Somos un DMC con sede en Per\u00fa. Y, desde 1957, nuestrosclientes nos conf\u00edan el dise\u00f1o de experiencias de viaje extraordinarias yoperaci\u00f3n impecable.","potentialAction":[{"@type":"SearchAction","target":{"@type":"EntryPoint","urlTemplate":"https:\/\/colturperu.fixer.pe\/en\/?s={search_term_string}"},"query-input":{"@type":"PropertyValueSpecification","valueRequired":true,"valueName":"search_term_string"}}],"inLanguage":"en-US"}]}},"_links":{"self":[{"href":"https:\/\/colturperu.fixer.pe\/en\/wp-json\/wp\/v2\/pages\/2147","targetHints":{"allow":["GET"]}}],"collection":[{"href":"https:\/\/colturperu.fixer.pe\/en\/wp-json\/wp\/v2\/pages"}],"about":[{"href":"https:\/\/colturperu.fixer.pe\/en\/wp-json\/wp\/v2\/types\/page"}],"author":[{"embeddable":true,"href":"https:\/\/colturperu.fixer.pe\/en\/wp-json\/wp\/v2\/users\/1"}],"replies":[{"embeddable":true,"href":"https:\/\/colturperu.fixer.pe\/en\/wp-json\/wp\/v2\/comments?post=2147"}],"version-history":[{"count":7,"href":"https:\/\/colturperu.fixer.pe\/en\/wp-json\/wp\/v2\/pages\/2147\/revisions"}],"predecessor-version":[{"id":2264,"href":"https:\/\/colturperu.fixer.pe\/en\/wp-json\/wp\/v2\/pages\/2147\/revisions\/2264"}],"wp:attachment":[{"href":"https:\/\/colturperu.fixer.pe\/en\/wp-json\/wp\/v2\/media?parent=2147"}],"curies":[{"name":"wp","href":"https:\/\/api.w.org\/{rel}","templated":true}]}}